{"id":2135,"date":"2024-04-05T14:48:14","date_gmt":"2024-04-05T13:48:14","guid":{"rendered":"https:\/\/schoolofcommunism.com\/?page_id=2135"},"modified":"2024-04-05T15:40:45","modified_gmt":"2024-04-05T14:40:45","slug":"thank-you","status":"publish","type":"page","link":"https:\/\/schoolofcommunism.com\/pt\/thank-you\/","title":{"rendered":"Obrigado"},"content":{"rendered":"<div class=\"wp-block-group alignfull l-no-margin-top has-accent-background-color has-text-color has-background is-layout-constrained wp-block-group-is-layout-constrained\" style=\"color:#f9f9f9\">\n<div style=\"height:100px\" aria-hidden=\"true\" id=\"sign-up\" class=\"wp-block-spacer\"><\/div>\n\n\n\n<div class=\"wp-block-columns alignfull h-animate--from-bottom is-layout-flex wp-container-core-columns-is-layout-3 wp-block-columns-is-layout-flex\">\n<div class=\"wp-block-column is-layout-flow wp-block-column-is-layout-flow\" id=\"sign-up\">\n<div style=\"height:60px\" aria-hidden=\"true\" class=\"wp-block-spacer\"><\/div>\n\n\n\n<h3 class=\"wp-block-heading has-text-align-left has-larger-font-size\" style=\"font-style:normal;font-weight:800;text-transform:uppercase\">Obrigado<\/h3>\n\n\n\n<div class=\"wp-block-columns alignfull stack-on-tablet--portrait is-layout-flex wp-container-core-columns-is-layout-1 wp-block-columns-is-layout-flex\">\n<div class=\"wp-block-column h-animate--from-bottom is-layout-flow wp-block-column-is-layout-flow\" style=\"flex-basis:50%\">\n<div style=\"height:20px\" aria-hidden=\"true\" class=\"wp-block-spacer\"><\/div>\n\n\n\n<p>O mundo est\u00e1 em chamas e nunca houve um momento mais importante para estudar o marxismo genu\u00edno. A Escola Mundial do Comunismo cobrir\u00e1 todos os aspectos da teoria e t\u00e1tica Bolchevique, ligando a teoria Marxista e as li\u00e7\u00f5es da Revolu\u00e7\u00e3o Russa \u00e0s tarefas dos comunistas de hoje.<\/p>\n\n\n\n<p>Reconhecendo a crise dos partidos reformistas de massa e o n\u00famero crescente de trabalhadores e jovens radicalizados que procuram uma alternativa verdadeiramente revolucion\u00e1ria, a Corrente Marxista Internacional vai discutir a deposi\u00e7\u00e3o da nossa velha bandeira e a reforma de si mesma como Internacional Comunista Revolucion\u00e1ria. Esta nova Internacional ser\u00e1 formada oficialmente na Escola Mundial, tornando-se um evento verdadeiramente hist\u00f3rico!<\/p>\n<\/div>\n\n\n\n<div class=\"wp-block-column h-animate--from-bottom is-layout-flow wp-block-column-is-layout-flow\" style=\"flex-basis:50%\">\n<div style=\"height:20px\" aria-hidden=\"true\" class=\"wp-block-spacer\"><\/div>\n\n\n\n<p>Todas as sess\u00f5es ser\u00e3o transmitidas online, tornando as discuss\u00f5es de mais alto n\u00edvel sobre as ideias marxistas acess\u00edveis a todos. Ao mesmo tempo, ser\u00e3o organizadas festas de observa\u00e7\u00e3o em todo o mundo, permitindo-lhe conhecer os seus camaradas e assistir ao evento juntos. As grava\u00e7\u00f5es das palestras ser\u00e3o disponibilizadas imediatamente ap\u00f3s o evento.<\/p>\n\n\n\n<p>Todas as informa\u00e7\u00f5es sobre as watch parties e links para as transmiss\u00f5es ser\u00e3o enviadas nas pr\u00f3ximas semanas, ent\u00e3o n\u00e3o se esque\u00e7a de verificar sua caixa de entrada!<\/p>\n\n\n\n<p>Enquanto isso, de uma olhada em nossos&nbsp;<a href=\"https:\/\/university.marxist.com\/en\/\" target=\"_blank\" rel=\"noreferrer noopener\">eventos anteriores<\/a>, escute nosso podcast e se acumule de teoria marxista em nossa&nbsp;<a href=\"https:\/\/wellred-books.com\/\" target=\"_blank\" rel=\"noreferrer noopener\">livraria<\/a>. Recomendamos especialmente nosso \u00faltimo lan\u00e7amento \u2013 In Defense of Lenin, de Rob Sewell e Alan Woods. Ao longo de dois volumes, este livro explora e explica as ideias de Lenin e o seu verdadeiro legado.&nbsp;<a href=\"https:\/\/wellred-books.com\/in-defence-of-lenin\/\" target=\"_blank\" rel=\"noreferrer noopener\">Compre sua c\u00f3pia agora<\/a>!<\/p>\n<\/div>\n<\/div>\n\n\n\n<div class=\"wp-block-columns alignfull stack-on-tablet--portrait is-layout-flex wp-container-core-columns-is-layout-2 wp-block-columns-is-layout-flex\">\n<div class=\"wp-block-column h-animate--from-bottom is-layout-flow wp-block-column-is-layout-flow\" style=\"flex-basis:33%\">\n<h3 class=\"wp-block-heading has-text-align-left has-larger-font-size\" style=\"font-style:normal;font-weight:800;text-transform:uppercase\">Ajude<\/h3>\n\n\n\n<div style=\"height:20px\" aria-hidden=\"true\" class=\"wp-block-spacer\"><\/div>\n\n\n\n<p>O nosso objectivo \u00e9 encontrar e organizar os milhares de comunistas que podem ser encontrados em todas as vilas, cidades, escolas e locais de trabalho para se tornarem um farol que mostrar\u00e1 o caminho para derrubar o capitalismo em todo o mundo. Isto requer revolucion\u00e1rios a tempo inteiro que trabalhem para produzir os nossos artigos publicados no nosso website e nas nossas revistas In Defense of Marxism e America Socialista, tradu\u00e7\u00f5es deste material em dezenas de l\u00ednguas, e uma mir\u00edade de outros custos di\u00e1rios que adv\u00eam com a organiza\u00e7\u00e3o de um partido internacional sob o capitalismo.<\/p>\n\n\n\n<p>Ao contr\u00e1rio dos defensores do capitalismo, n\u00e3o temos apoiadores bilion\u00e1rios. Contamos apenas com as doa\u00e7\u00f5es de milhares de trabalhadores e jovens que concordam que a \u00fanica forma de sair deste sistema decr\u00e9pito \u00e9 atrav\u00e9s da revolu\u00e7\u00e3o comunista.<\/p>\n\n\n\n<p>Se voc\u00ea tamb\u00e9m concorda, ent\u00e3o d\u00ea o que puder ao partido do futuro \u2013 a Internacional Comunista Revolucion\u00e1ria!<\/p>\n<\/div>\n\n\n\n<div class=\"wp-block-column is-vertically-aligned-bottom h-animate--from-bottom is-layout-flow wp-block-column-is-layout-flow\" style=\"padding-right:var(--wp--preset--spacing--80);flex-basis:40%\">\n<div class=\"wp-block-buttons is-layout-flex wp-block-buttons-is-layout-flex\">\n<div class=\"wp-block-button is-style-outline custom-dbox-popup\"><a class=\"wp-block-button__link has-white-color has-text-color has-link-color has-border-color has-white-border-color wp-element-button custom-dbox-popup\" href=\"https:\/\/donorbox.org\/build-the-revolutionary-communist-international\" target=\"_blank\" rel=\"noreferrer noopener\">Ajude-nos doando<\/a><\/div>\n<\/div>\n<\/div>\n\n\n\n<div class=\"wp-block-column is-layout-flow wp-block-column-is-layout-flow\">\n<div style=\"height:20px\" aria-hidden=\"true\" class=\"wp-block-spacer\"><\/div>\n<\/div>\n<\/div>\n<\/div>\n<\/div>\n\n\n\n<div style=\"height:100px\" aria-hidden=\"true\" class=\"wp-block-spacer\"><\/div>\n\n\n\n<div class=\"wp-block-columns alignwide h-animate--from-bottom is-layout-flex wp-container-core-columns-is-layout-4 wp-block-columns-is-layout-flex\">\n<div class=\"wp-block-column is-vertically-aligned-center is-layout-flow wp-block-column-is-layout-flow\"><\/div>\n<\/div>\n\n\n\n<div class=\"wp-block-group is-layout-constrained wp-container-core-group-is-layout-1 wp-block-group-is-layout-constrained\" style=\"margin-top:0;margin-bottom:0;padding-top:0;padding-right:0;padding-bottom:0;padding-left:0\"><\/div>\n\n\n\n<div style=\"height:150px\" aria-hidden=\"true\" class=\"wp-block-spacer\"><\/div>\n\n\n\n<div class=\"wp-block-group h-animate--from-bottom is-layout-constrained wp-container-core-group-is-layout-2 wp-block-group-is-layout-constrained\">\n<p class=\"has-text-align-center\">\"Sem teoria revolucion\u00e1ria n\u00e3o h\u00e1 movimento revolucion\u00e1rio.\"<br>VI. Lenin<\/p>\n<\/div>\n\n\n\n<p><script type=\"text\/javascript\" defer src=\"https:\/\/donorbox.org\/install-popup-button.js\" id=\"donorbox-popup-button-installer\"> <\/script><br \/><script> window.DonorBox = { widgetLinkClassName: 'custom-dbox-popup' } <\/script><\/p>\n\n\n\n<div style=\"height:150px\" aria-hidden=\"true\" class=\"wp-block-spacer\"><\/div>\n<\/div>\n\n\n\n<div class=\"wp-block-group alignfull is-layout-constrained wp-block-group-is-layout-constrained\">\n<div style=\"height:150px\" aria-hidden=\"true\" class=\"wp-block-spacer\"><\/div>\n\n\n\n<div class=\"wp-block-group alignfull l-no-margin-top has-background-background-color has-background is-layout-constrained wp-block-group-is-layout-constrained\">\n<div class=\"wp-block-group alignwide is-layout-flow wp-block-group-is-layout-flow\" style=\"padding-top:0vh;padding-right:0vh;padding-bottom:0vh;padding-left:0vh\">\n<hr class=\"wp-block-separator has-text-color has-alpha-channel-opacity has-background is-style-wide\" style=\"background-color:#00000012;color:#00000012\"\/>\n\n\n\n<div style=\"height:20px\" aria-hidden=\"true\" class=\"wp-block-spacer\"><\/div>\n\n\n\n<div class=\"wp-block-columns alignwide stack-on-tablet--portrait is-layout-flex wp-container-core-columns-is-layout-6 wp-block-columns-is-layout-flex\">\n<div class=\"wp-block-column is-layout-flow wp-block-column-is-layout-flow\" style=\"flex-basis:35%\">\n<h2 class=\"wp-block-heading has-extra-large-font-size\">Voc\u00ea foi inscrito<\/h2>\n<\/div>\n\n\n\n<div class=\"wp-block-column is-layout-flow wp-block-column-is-layout-flow\">\n<p style=\"line-height:1.6\">The world is on fire, and there has never been a more important time to study genuine Marxism.<\/p>\n\n\n\n<div style=\"height:60px\" aria-hidden=\"true\" class=\"wp-block-spacer\"><\/div>\n\n\n\n<div class=\"wp-block-columns is-layout-flex wp-container-core-columns-is-layout-5 wp-block-columns-is-layout-flex\">\n<div class=\"wp-block-column is-layout-flow wp-block-column-is-layout-flow\" style=\"padding-right:5vw\">\n<h2 class=\"wp-block-heading has-medium-font-size\">No que voc\u00ea est\u00e1 participando?<\/h2>\n\n\n\n<p>A Escola Mundial do Comunismo cobrir\u00e1 todos os aspectos da teoria e t\u00e1tica Bolchevique, ligando a teoria Marxista e as li\u00e7\u00f5es da Revolu\u00e7\u00e3o Russa \u00e0s tarefas dos comunistas de hoje.<br><br>Reconhecendo a crise dos partidos reformistas de massa e o n\u00famero crescente de trabalhadores e jovens radicalizados que procuram uma alternativa verdadeiramente revolucion\u00e1ria, a Corrente Marxista Internacional vai discutir a deposi\u00e7\u00e3o da nossa velha bandeira e a reforma de si mesma como Internacional Comunista Revolucion\u00e1ria. Esta nova Internacional ser\u00e1 formada oficialmente na Escola Mundial, tornando-se um evento verdadeiramente hist\u00f3rico!<\/p>\n<\/div>\n\n\n\n<div class=\"wp-block-column is-layout-flow wp-block-column-is-layout-flow\">\n<h2 class=\"wp-block-heading has-medium-font-size\">Como se juntar?<\/h2>\n\n\n\n<p>Todas as sess\u00f5es ser\u00e3o transmitidas online, tornando as discuss\u00f5es de mais alto n\u00edvel sobre as ideias marxistas acess\u00edveis a todos. Ao mesmo tempo, ser\u00e3o organizadas festas de observa\u00e7\u00e3o em todo o mundo, permitindo-lhe conhecer os seus camaradas e assistir ao evento juntos. As grava\u00e7\u00f5es das palestras ser\u00e3o disponibilizadas imediatamente ap\u00f3s o evento.<\/p>\n\n\n\n<h2 class=\"wp-block-heading has-medium-font-size\"><br>Enquanto isso<\/h2>\n\n\n\n<p>Have a look at our\u00a0<a href=\"https:\/\/university.marxist.com\/en\/\" target=\"_blank\" rel=\"noreferrer noopener\">eventos anteriores<\/a>, escute nosso podcast e se acumule de teoria marxista em nossa\u00a0<a href=\"https:\/\/wellred-books.com\/\" target=\"_blank\" rel=\"noreferrer noopener\">livraria<\/a>. Recomendamos especialmente nosso \u00faltimo lan\u00e7amento \u2013 In Defense of Lenin, de Rob Sewell e Alan Woods. Ao longo de dois volumes, este livro explora e explica as ideias de Lenin e o seu verdadeiro legado.\u00a0<a href=\"https:\/\/wellred-books.com\/in-defence-of-lenin\/\" target=\"_blank\" rel=\"noreferrer noopener\">Compre sua c\u00f3pia agora<\/a>!<\/p>\n<\/div>\n<\/div>\n<\/div>\n<\/div>\n<\/div>\n\n\n\n<div class=\"wp-block-group alignwide is-layout-flow wp-block-group-is-layout-flow\" style=\"padding-top:0vh;padding-right:0vh;padding-bottom:0vh;padding-left:0vh\">\n<hr class=\"wp-block-separator has-text-color has-alpha-channel-opacity has-background is-style-wide\" style=\"background-color:#00000012;color:#00000012\"\/>\n\n\n\n<div style=\"height:20px\" aria-hidden=\"true\" class=\"wp-block-spacer\"><\/div>\n\n\n\n<div class=\"wp-block-columns alignwide stack-on-tablet--portrait is-layout-flex wp-container-core-columns-is-layout-8 wp-block-columns-is-layout-flex\">\n<div class=\"wp-block-column is-layout-flow wp-block-column-is-layout-flow\" style=\"flex-basis:35%\">\n<h2 class=\"wp-block-heading has-extra-large-font-size\">Voc\u00ea foi inscrito<\/h2>\n<\/div>\n\n\n\n<div class=\"wp-block-column is-layout-flow wp-block-column-is-layout-flow\">\n<p style=\"line-height:1.6\">Todas as informa\u00e7\u00f5es sobre as watch parties e links para as transmiss\u00f5es ser\u00e3o enviadas nas pr\u00f3ximas semanas, ent\u00e3o n\u00e3o se esque\u00e7a de verificar sua caixa de entrada! O mundo est\u00e1 em chamas e nunca houve um momento mais importante para estudar o marxismo genu\u00edno.<\/p>\n\n\n\n<div style=\"height:60px\" aria-hidden=\"true\" class=\"wp-block-spacer\"><\/div>\n\n\n\n<div class=\"wp-block-columns is-layout-flex wp-container-core-columns-is-layout-7 wp-block-columns-is-layout-flex\">\n<div class=\"wp-block-column is-layout-flow wp-block-column-is-layout-flow\" style=\"padding-right:5vw\">\n<h2 class=\"wp-block-heading has-medium-font-size\">No que voc\u00ea est\u00e1 participando?<\/h2>\n\n\n\n<p>A Escola Mundial do Comunismo cobrir\u00e1 todos os aspectos da teoria e t\u00e1tica Bolchevique, ligando a teoria Marxista e as li\u00e7\u00f5es da Revolu\u00e7\u00e3o Russa \u00e0s tarefas dos comunistas de hoje.<br><br>Reconhecendo a crise dos partidos reformistas de massa e o n\u00famero crescente de trabalhadores e jovens radicalizados que procuram uma alternativa verdadeiramente revolucion\u00e1ria, a Corrente Marxista Internacional vai discutir a deposi\u00e7\u00e3o da nossa velha bandeira e a reforma de si mesma como Internacional Comunista Revolucion\u00e1ria. Esta nova Internacional ser\u00e1 formada oficialmente na Escola Mundial, tornando-se um evento verdadeiramente hist\u00f3rico!<\/p>\n<\/div>\n\n\n\n<div class=\"wp-block-column is-layout-flow wp-block-column-is-layout-flow\">\n<h2 class=\"wp-block-heading has-medium-font-size\">Como se juntar?<\/h2>\n\n\n\n<p>Todas as sess\u00f5es ser\u00e3o transmitidas online, tornando as discuss\u00f5es de mais alto n\u00edvel sobre as ideias marxistas acess\u00edveis a todos. Ao mesmo tempo, ser\u00e3o organizadas festas de observa\u00e7\u00e3o em todo o mundo, permitindo-lhe conhecer os seus camaradas e assistir ao evento juntos. As grava\u00e7\u00f5es das palestras ser\u00e3o disponibilizadas imediatamente ap\u00f3s o evento.<\/p>\n<\/div>\n<\/div>\n<\/div>\n<\/div>\n<\/div>\n\n\n\n<div style=\"height:150px\" aria-hidden=\"true\" class=\"wp-block-spacer\"><\/div>\n<\/div>\n\n\n\n<div class=\"wp-block-group alignfull has-background is-layout-flow wp-block-group-is-layout-flow\" style=\"background-color:#f2f0e9\">\n<div style=\"height:70px\" aria-hidden=\"true\" class=\"wp-block-spacer\"><\/div>\n\n\n\n<div class=\"wp-block-columns alignwide are-vertically-aligned-center is-layout-flex wp-container-core-columns-is-layout-9 wp-block-columns-is-layout-flex\">\n<div class=\"wp-block-column is-layout-flow wp-block-column-is-layout-flow\" style=\"flex-basis:50%\">\n<p class=\"has-text-color\" style=\"color:#000000;font-size:30px;line-height:1.1\"><strong>Enquanto isso<\/strong><\/p>\n<\/div>\n\n\n\n<div class=\"wp-block-column is-layout-flow wp-block-column-is-layout-flow\" style=\"flex-basis:50%\">\n<hr class=\"wp-block-separator has-text-color has-css-opacity has-background is-style-wide\" style=\"background-color:#000000;color:#000000\"\/>\n<\/div>\n<\/div>\n\n\n\n<div class=\"wp-block-columns alignwide is-layout-flex wp-container-core-columns-is-layout-10 wp-block-columns-is-layout-flex\">\n<div class=\"wp-block-column is-layout-flow wp-block-column-is-layout-flow\"><\/div>\n\n\n\n<div class=\"wp-block-column is-layout-flow wp-block-column-is-layout-flow\">\n<p>O mundo est\u00e1 em chamas e nunca houve um momento mais importante para estudar o marxismo genu\u00edno. A Escola Mundial do Comunismo cobrir\u00e1 todos os aspectos da teoria e t\u00e1tica Bolchevique, ligando a teoria Marxista e as li\u00e7\u00f5es da Revolu\u00e7\u00e3o Russa \u00e0s tarefas dos comunistas de hoje.<\/p>\n\n\n\n<p>Reconhecendo a crise dos partidos reformistas de massa e o n\u00famero crescente de trabalhadores e jovens radicalizados que procuram uma alternativa verdadeiramente revolucion\u00e1ria, a Corrente Marxista Internacional vai discutir a deposi\u00e7\u00e3o da nossa velha bandeira e a reforma de si mesma como Internacional Comunista Revolucion\u00e1ria. Esta nova Internacional ser\u00e1 formada oficialmente na Escola Mundial, tornando-se um evento verdadeiramente hist\u00f3rico!<\/p>\n<\/div>\n\n\n\n<div class=\"wp-block-column is-layout-flow wp-block-column-is-layout-flow\">\n<p>Todas as sess\u00f5es ser\u00e3o transmitidas online, tornando as discuss\u00f5es de mais alto n\u00edvel sobre as ideias marxistas acess\u00edveis a todos. Ao mesmo tempo, ser\u00e3o organizadas festas de observa\u00e7\u00e3o em todo o mundo, permitindo-lhe conhecer os seus camaradas e assistir ao evento juntos. As grava\u00e7\u00f5es das palestras ser\u00e3o disponibilizadas imediatamente ap\u00f3s o evento.<\/p>\n\n\n\n<p>Todas as informa\u00e7\u00f5es sobre as watch parties e links para as transmiss\u00f5es ser\u00e3o enviadas nas pr\u00f3ximas semanas, ent\u00e3o n\u00e3o se esque\u00e7a de verificar sua caixa de entrada!<\/p>\n\n\n\n<p>Enquanto isso, de uma olhada em nossos&nbsp;<a href=\"https:\/\/university.marxist.com\/en\/\" target=\"_blank\" rel=\"noreferrer noopener\">eventos anteriores<\/a>, escute nosso podcast e se acumule de teoria marxista em nossa&nbsp;<a href=\"https:\/\/wellred-books.com\/\" target=\"_blank\" rel=\"noreferrer noopener\">livraria<\/a>. Recomendamos especialmente nosso \u00faltimo lan\u00e7amento \u2013 In Defense of Lenin, de Rob Sewell e Alan Woods. Ao longo de dois volumes, este livro explora e explica as ideias de Lenin e o seu verdadeiro legado.&nbsp;<a href=\"https:\/\/wellred-books.com\/in-defence-of-lenin\/\" target=\"_blank\" rel=\"noreferrer noopener\">Compre sua c\u00f3pia agora<\/a>!<\/p>\n<\/div>\n<\/div>\n\n\n\n<div style=\"height:40px\" aria-hidden=\"true\" class=\"wp-block-spacer\"><\/div>\n<\/div>\n<\/div>","protected":false},"excerpt":{"rendered":"<p>Thank you The world is on fire, and there has never been a more important time to study genuine Marxism. The World School of Communism will cover all the aspects of Bolshevik theory and tactics, linking Marxist theory and the lessons of the Russian Revolution to the tasks of communists today. Recognising the crisis of<\/p>","protected":false},"author":1,"featured_media":0,"parent":0,"menu_order":0,"comment_status":"closed","ping_status":"closed","template":"","meta":{"footnotes":""},"class_list":["post-2135","page","type-page","status-publish","hentry"],"yoast_head":"<!-- This site is optimized with the Yoast SEO plugin v22.8 - https:\/\/yoast.com\/wordpress\/plugins\/seo\/ -->\n<title>Thank you - WORLD SCHOOL OF COMMUNISM 2024<\/title>\n<meta name=\"robots\" content=\"index, follow, max-snippet:-1, max-image-preview:large, max-video-preview:-1\" \/>\n<link rel=\"canonical\" href=\"https:\/\/schoolofcommunism.com\/pt\/thank-you\/\" \/>\n<meta property=\"og:locale\" content=\"pt_BR\" \/>\n<meta property=\"og:type\" content=\"article\" \/>\n<meta property=\"og:title\" content=\"Thank you - WORLD SCHOOL OF COMMUNISM 2024\" \/>\n<meta property=\"og:description\" content=\"Thank you The world is on fire, and there has never been a more important time to study genuine Marxism. The World School of Communism will cover all the aspects of Bolshevik theory and tactics, linking Marxist theory and the lessons of the Russian Revolution to the tasks of communists today. Recognising the crisis of\" \/>\n<meta property=\"og:url\" content=\"https:\/\/schoolofcommunism.com\/pt\/thank-you\/\" \/>\n<meta property=\"og:site_name\" content=\"WORLD SCHOOL OF COMMUNISM 2024\" \/>\n<meta property=\"article:modified_time\" content=\"2024-04-05T14:40:45+00:00\" \/>\n<meta name=\"twitter:card\" content=\"summary_large_image\" \/>\n<meta name=\"twitter:label1\" content=\"Est. reading time\" \/>\n\t<meta name=\"twitter:data1\" content=\"5 minutos\" \/>\n<script type=\"application\/ld+json\" class=\"yoast-schema-graph\">{\"@context\":\"https:\/\/schema.org\",\"@graph\":[{\"@type\":\"WebPage\",\"@id\":\"https:\/\/schoolofcommunism.com\/thank-you\/\",\"url\":\"https:\/\/schoolofcommunism.com\/thank-you\/\",\"name\":\"Thank you - WORLD SCHOOL OF COMMUNISM 2024\",\"isPartOf\":{\"@id\":\"https:\/\/schoolofcommunism.com\/#website\"},\"datePublished\":\"2024-04-05T13:48:14+00:00\",\"dateModified\":\"2024-04-05T14:40:45+00:00\",\"breadcrumb\":{\"@id\":\"https:\/\/schoolofcommunism.com\/thank-you\/#breadcrumb\"},\"inLanguage\":\"pt-BR\",\"potentialAction\":[{\"@type\":\"ReadAction\",\"target\":[\"https:\/\/schoolofcommunism.com\/thank-you\/\"]}]},{\"@type\":\"BreadcrumbList\",\"@id\":\"https:\/\/schoolofcommunism.com\/thank-you\/#breadcrumb\",\"itemListElement\":[{\"@type\":\"ListItem\",\"position\":1,\"name\":\"Home\",\"item\":\"https:\/\/schoolofcommunism.com\/\"},{\"@type\":\"ListItem\",\"position\":2,\"name\":\"Thank you\"}]},{\"@type\":\"WebSite\",\"@id\":\"https:\/\/schoolofcommunism.com\/#website\",\"url\":\"https:\/\/schoolofcommunism.com\/\",\"name\":\"World School of Communism 2024\",\"description\":\"\",\"publisher\":{\"@id\":\"https:\/\/schoolofcommunism.com\/#organization\"},\"potentialAction\":[{\"@type\":\"SearchAction\",\"target\":{\"@type\":\"EntryPoint\",\"urlTemplate\":\"https:\/\/schoolofcommunism.com\/?s={search_term_string}\"},\"query-input\":\"required name=search_term_string\"}],\"inLanguage\":\"pt-BR\"},{\"@type\":\"Organization\",\"@id\":\"https:\/\/schoolofcommunism.com\/#organization\",\"name\":\"Revolutionary Communist International\",\"url\":\"https:\/\/schoolofcommunism.com\/\",\"logo\":{\"@type\":\"ImageObject\",\"inLanguage\":\"pt-BR\",\"@id\":\"https:\/\/schoolofcommunism.com\/#\/schema\/logo\/image\/\",\"url\":\"https:\/\/schoolofcommunism.com\/wp-content\/uploads\/2024\/03\/rci-hammer-sickle.svg\",\"contentUrl\":\"https:\/\/schoolofcommunism.com\/wp-content\/uploads\/2024\/03\/rci-hammer-sickle.svg\",\"width\":937,\"height\":1452,\"caption\":\"Revolutionary Communist International\"},\"image\":{\"@id\":\"https:\/\/schoolofcommunism.com\/#\/schema\/logo\/image\/\"}}]}<\/script>\n<!-- \/ Yoast SEO plugin. -->","yoast_head_json":{"title":"Thank you - WORLD SCHOOL OF COMMUNISM 2024","robots":{"index":"index","follow":"follow","max-snippet":"max-snippet:-1","max-image-preview":"max-image-preview:large","max-video-preview":"max-video-preview:-1"},"canonical":"https:\/\/schoolofcommunism.com\/pt\/thank-you\/","og_locale":"pt_BR","og_type":"article","og_title":"Thank you - WORLD SCHOOL OF COMMUNISM 2024","og_description":"Thank you The world is on fire, and there has never been a more important time to study genuine Marxism. The World School of Communism will cover all the aspects of Bolshevik theory and tactics, linking Marxist theory and the lessons of the Russian Revolution to the tasks of communists today. Recognising the crisis of","og_url":"https:\/\/schoolofcommunism.com\/pt\/thank-you\/","og_site_name":"WORLD SCHOOL OF COMMUNISM 2024","article_modified_time":"2024-04-05T14:40:45+00:00","twitter_card":"summary_large_image","twitter_misc":{"Est. reading time":"5 minutos"},"schema":{"@context":"https:\/\/schema.org","@graph":[{"@type":"WebPage","@id":"https:\/\/schoolofcommunism.com\/thank-you\/","url":"https:\/\/schoolofcommunism.com\/thank-you\/","name":"Thank you - WORLD SCHOOL OF COMMUNISM 2024","isPartOf":{"@id":"https:\/\/schoolofcommunism.com\/#website"},"datePublished":"2024-04-05T13:48:14+00:00","dateModified":"2024-04-05T14:40:45+00:00","breadcrumb":{"@id":"https:\/\/schoolofcommunism.com\/thank-you\/#breadcrumb"},"inLanguage":"pt-BR","potentialAction":[{"@type":"ReadAction","target":["https:\/\/schoolofcommunism.com\/thank-you\/"]}]},{"@type":"BreadcrumbList","@id":"https:\/\/schoolofcommunism.com\/thank-you\/#breadcrumb","itemListElement":[{"@type":"ListItem","position":1,"name":"Home","item":"https:\/\/schoolofcommunism.com\/"},{"@type":"ListItem","position":2,"name":"Thank you"}]},{"@type":"WebSite","@id":"https:\/\/schoolofcommunism.com\/#website","url":"https:\/\/schoolofcommunism.com\/","name":"World School of Communism 2024","description":"","publisher":{"@id":"https:\/\/schoolofcommunism.com\/#organization"},"potentialAction":[{"@type":"SearchAction","target":{"@type":"EntryPoint","urlTemplate":"https:\/\/schoolofcommunism.com\/?s={search_term_string}"},"query-input":"required name=search_term_string"}],"inLanguage":"pt-BR"},{"@type":"Organization","@id":"https:\/\/schoolofcommunism.com\/#organization","name":"Revolutionary Communist International","url":"https:\/\/schoolofcommunism.com\/","logo":{"@type":"ImageObject","inLanguage":"pt-BR","@id":"https:\/\/schoolofcommunism.com\/#\/schema\/logo\/image\/","url":"https:\/\/schoolofcommunism.com\/wp-content\/uploads\/2024\/03\/rci-hammer-sickle.svg","contentUrl":"https:\/\/schoolofcommunism.com\/wp-content\/uploads\/2024\/03\/rci-hammer-sickle.svg","width":937,"height":1452,"caption":"Revolutionary Communist International"},"image":{"@id":"https:\/\/schoolofcommunism.com\/#\/schema\/logo\/image\/"}}]}},"jetpack_sharing_enabled":true,"_links":{"self":[{"href":"https:\/\/schoolofcommunism.com\/pt\/wp-json\/wp\/v2\/pages\/2135"}],"collection":[{"href":"https:\/\/schoolofcommunism.com\/pt\/wp-json\/wp\/v2\/pages"}],"about":[{"href":"https:\/\/schoolofcommunism.com\/pt\/wp-json\/wp\/v2\/types\/page"}],"author":[{"embeddable":true,"href":"https:\/\/schoolofcommunism.com\/pt\/wp-json\/wp\/v2\/users\/1"}],"replies":[{"embeddable":true,"href":"https:\/\/schoolofcommunism.com\/pt\/wp-json\/wp\/v2\/comments?post=2135"}],"version-history":[{"count":6,"href":"https:\/\/schoolofcommunism.com\/pt\/wp-json\/wp\/v2\/pages\/2135\/revisions"}],"predecessor-version":[{"id":2359,"href":"https:\/\/schoolofcommunism.com\/pt\/wp-json\/wp\/v2\/pages\/2135\/revisions\/2359"}],"wp:attachment":[{"href":"https:\/\/schoolofcommunism.com\/pt\/wp-json\/wp\/v2\/media?parent=2135"}],"curies":[{"name":"wp","href":"https:\/\/api.w.org\/{rel}","templated":true}]}}