{"id":2135,"date":"2024-04-05T14:48:14","date_gmt":"2024-04-05T13:48:14","guid":{"rendered":"https:\/\/schoolofcommunism.com\/?page_id=2135"},"modified":"2024-04-05T15:40:45","modified_gmt":"2024-04-05T14:40:45","slug":"thank-you","status":"publish","type":"page","link":"https:\/\/schoolofcommunism.com\/es\/thank-you\/","title":{"rendered":"Thank you"},"content":{"rendered":"<div class=\"wp-block-group alignfull l-no-margin-top has-accent-background-color has-text-color has-background is-layout-constrained wp-block-group-is-layout-constrained\" style=\"color:#f9f9f9\">\n<div style=\"height:100px\" aria-hidden=\"true\" id=\"sign-up\" class=\"wp-block-spacer\"><\/div>\n\n\n\n<div class=\"wp-block-columns alignfull h-animate--from-bottom is-layout-flex wp-container-core-columns-is-layout-3 wp-block-columns-is-layout-flex\">\n<div class=\"wp-block-column is-layout-flow wp-block-column-is-layout-flow\" id=\"sign-up\">\n<div style=\"height:60px\" aria-hidden=\"true\" class=\"wp-block-spacer\"><\/div>\n\n\n\n<h3 class=\"wp-block-heading has-text-align-left has-larger-font-size\" style=\"font-style:normal;font-weight:800;text-transform:uppercase\">Thank you<\/h3>\n\n\n\n<div class=\"wp-block-columns alignfull stack-on-tablet--portrait is-layout-flex wp-container-core-columns-is-layout-1 wp-block-columns-is-layout-flex\">\n<div class=\"wp-block-column h-animate--from-bottom is-layout-flow wp-block-column-is-layout-flow\" style=\"flex-basis:50%\">\n<div style=\"height:20px\" aria-hidden=\"true\" class=\"wp-block-spacer\"><\/div>\n\n\n\n<p>The world is on fire, and there has never been a more important time to study genuine Marxism. The World School of Communism will cover all the aspects of Bolshevik theory and tactics, linking Marxist theory and the lessons of the Russian Revolution to the tasks of communists today.<\/p>\n\n\n\n<p>Recognising the crisis of the mass reformist parties and the growing numbers of radicalised workers and youth who are looking for a truly revolutionary alternative, the International Marxist Tendency is going to discuss laying our old banner to rest, and reforging itself as the Revolutionary Communist International. This new International will be formed officially at the World School, making it a truly historic event!<\/p>\n<\/div>\n\n\n\n<div class=\"wp-block-column h-animate--from-bottom is-layout-flow wp-block-column-is-layout-flow\" style=\"flex-basis:50%\">\n<div style=\"height:20px\" aria-hidden=\"true\" class=\"wp-block-spacer\"><\/div>\n\n\n\n<p>All sessions will be streamed online, making the highest-level discussions on Marxist ideas accessible to everyone. At the same time, watch parties will be organised worldwide, allowing you to meet your comrades and watch the event together. Recordings of the talks will be made available immediately after the event.<\/p>\n\n\n\n<p>All information on watch parties and links to the streams will be sent out over the coming weeks, so don\u2019t forget to check your inbox!<\/p>\n\n\n\n<p>In the meantime, have a look at our&nbsp;<a href=\"https:\/\/university.marxist.com\/en\/\" target=\"_blank\" rel=\"noreferrer noopener\">previous events<\/a>, listen to our podcast, and stock up on Marxist theory at our&nbsp;<a href=\"https:\/\/wellred-books.com\/\" target=\"_blank\" rel=\"noreferrer noopener\">bookstore<\/a>. We especially recommend our latest release &#8211; In Defence of Lenin by Rob Sewell and Alan Woods. Over two volumes, this book explores and explains Lenin\u2019s ideas and his true legacy.&nbsp;<a href=\"https:\/\/wellred-books.com\/in-defence-of-lenin\/\" target=\"_blank\" rel=\"noreferrer noopener\">Get your copy now<\/a>!<\/p>\n<\/div>\n<\/div>\n\n\n\n<div class=\"wp-block-columns alignfull stack-on-tablet--portrait is-layout-flex wp-container-core-columns-is-layout-2 wp-block-columns-is-layout-flex\">\n<div class=\"wp-block-column h-animate--from-bottom is-layout-flow wp-block-column-is-layout-flow\" style=\"flex-basis:33%\">\n<h3 class=\"wp-block-heading has-text-align-left has-larger-font-size\" style=\"font-style:normal;font-weight:800;text-transform:uppercase\">Haz una donaci\u00f3n<\/h3>\n\n\n\n<div style=\"height:20px\" aria-hidden=\"true\" class=\"wp-block-spacer\"><\/div>\n\n\n\n<p>Our aim is to find and organise the thousands of communists that can be found in every town, city, school and workplace to become a beacon that will show the way towards overthrowing capitalism across the world. This requires full-time revolutionaries who work to produce our articles published on our website and in our In Defence of Marxism and America Socialista magazines, translations of this material into dozens of languages, and a myriad of other day-to-day costs that come with organising an international party under capitalism.<\/p>\n\n\n\n<p>A diferencia de los defensores del capitalismo, nosotros no tenemos patrocinadores multimillonarios. Tenemos que depender de las donaciones de miles de trabajadores y j\u00f3venes que est\u00e1n de acuerdo en que la \u00fanica forma de salir de este sistema decr\u00e9pito es mediante la revoluci\u00f3n comunista.<\/p>\n\n\n\n<p>If that is you, then give what you can to the party of the future \u2013 the Revolutionary Communist International!<\/p>\n<\/div>\n\n\n\n<div class=\"wp-block-column is-vertically-aligned-bottom h-animate--from-bottom is-layout-flow wp-block-column-is-layout-flow\" style=\"padding-right:var(--wp--preset--spacing--80);flex-basis:40%\">\n<div class=\"wp-block-buttons is-layout-flex wp-block-buttons-is-layout-flex\">\n<div class=\"wp-block-button is-style-outline custom-dbox-popup\"><a class=\"wp-block-button__link has-white-color has-text-color has-link-color has-border-color has-white-border-color wp-element-button custom-dbox-popup\" href=\"https:\/\/donorbox.org\/build-the-revolutionary-communist-international\" target=\"_blank\" rel=\"noreferrer noopener\">Ay\u00fadanos con una donaci\u00f3n<\/a><\/div>\n<\/div>\n<\/div>\n\n\n\n<div class=\"wp-block-column is-layout-flow wp-block-column-is-layout-flow\">\n<div style=\"height:20px\" aria-hidden=\"true\" class=\"wp-block-spacer\"><\/div>\n<\/div>\n<\/div>\n<\/div>\n<\/div>\n\n\n\n<div style=\"height:100px\" aria-hidden=\"true\" class=\"wp-block-spacer\"><\/div>\n\n\n\n<div class=\"wp-block-columns alignwide h-animate--from-bottom is-layout-flex wp-container-core-columns-is-layout-4 wp-block-columns-is-layout-flex\">\n<div class=\"wp-block-column is-vertically-aligned-center is-layout-flow wp-block-column-is-layout-flow\"><\/div>\n<\/div>\n\n\n\n<div class=\"wp-block-group is-layout-constrained wp-container-core-group-is-layout-1 wp-block-group-is-layout-constrained\" style=\"margin-top:0;margin-bottom:0;padding-top:0;padding-right:0;padding-bottom:0;padding-left:0\"><\/div>\n\n\n\n<div style=\"height:150px\" aria-hidden=\"true\" class=\"wp-block-spacer\"><\/div>\n\n\n\n<div class=\"wp-block-group h-animate--from-bottom is-layout-constrained wp-container-core-group-is-layout-2 wp-block-group-is-layout-constrained\">\n<p class=\"has-text-align-center\">\"Sin teor\u00eda revolucionaria tampoco puede haber movimiento revolucionario.\"<br>VI. Lenin<\/p>\n<\/div>\n\n\n\n<p><script type=\"text\/javascript\" defer src=\"https:\/\/donorbox.org\/install-popup-button.js\" id=\"donorbox-popup-button-installer\"> <\/script><br \/><script> window.DonorBox = { widgetLinkClassName: 'custom-dbox-popup' } <\/script><\/p>\n\n\n\n<div style=\"height:150px\" aria-hidden=\"true\" class=\"wp-block-spacer\"><\/div>\n<\/div>\n\n\n\n<div class=\"wp-block-group alignfull is-layout-constrained wp-block-group-is-layout-constrained\">\n<div style=\"height:150px\" aria-hidden=\"true\" class=\"wp-block-spacer\"><\/div>\n\n\n\n<div class=\"wp-block-group alignfull l-no-margin-top has-background-background-color has-background is-layout-constrained wp-block-group-is-layout-constrained\">\n<div class=\"wp-block-group alignwide is-layout-flow wp-block-group-is-layout-flow\" style=\"padding-top:0vh;padding-right:0vh;padding-bottom:0vh;padding-left:0vh\">\n<hr class=\"wp-block-separator has-text-color has-alpha-channel-opacity has-background is-style-wide\" style=\"background-color:#00000012;color:#00000012\"\/>\n\n\n\n<div style=\"height:20px\" aria-hidden=\"true\" class=\"wp-block-spacer\"><\/div>\n\n\n\n<div class=\"wp-block-columns alignwide stack-on-tablet--portrait is-layout-flex wp-container-core-columns-is-layout-6 wp-block-columns-is-layout-flex\">\n<div class=\"wp-block-column is-layout-flow wp-block-column-is-layout-flow\" style=\"flex-basis:35%\">\n<h2 class=\"wp-block-heading has-extra-large-font-size\">You have been signed up<\/h2>\n<\/div>\n\n\n\n<div class=\"wp-block-column is-layout-flow wp-block-column-is-layout-flow\">\n<p style=\"line-height:1.6\">The world is on fire, and there has never been a more important time to study genuine Marxism.<\/p>\n\n\n\n<div style=\"height:60px\" aria-hidden=\"true\" class=\"wp-block-spacer\"><\/div>\n\n\n\n<div class=\"wp-block-columns is-layout-flex wp-container-core-columns-is-layout-5 wp-block-columns-is-layout-flex\">\n<div class=\"wp-block-column is-layout-flow wp-block-column-is-layout-flow\" style=\"padding-right:5vw\">\n<h2 class=\"wp-block-heading has-medium-font-size\">What are you joining?<\/h2>\n\n\n\n<p>The World School of Communism will cover all the aspects of Bolshevik theory and tactics, linking Marxist theory and the lessons of the Russian Revolution to the tasks of communists today.<br><br>Recognising the crisis of the mass reformist parties and the growing numbers of radicalised workers and youth who are looking for a truly revolutionary alternative, the International Marxist Tendency is going to discuss laying our old banner to rest, and reforging itself as the Revolutionary Communist International. This new International will be formed officially at the World School, making it a truly historic event!<\/p>\n<\/div>\n\n\n\n<div class=\"wp-block-column is-layout-flow wp-block-column-is-layout-flow\">\n<h2 class=\"wp-block-heading has-medium-font-size\">How to join<\/h2>\n\n\n\n<p>All sessions will be streamed online, making the highest-level discussions on Marxist ideas accessible to everyone. At the same time, watch parties will be organised worldwide, allowing you to meet your comrades and watch the event together. Recordings of the talks will be made available immediately after the event.<\/p>\n\n\n\n<h2 class=\"wp-block-heading has-medium-font-size\"><br>In the meantime<\/h2>\n\n\n\n<p>Have a look at our\u00a0<a href=\"https:\/\/university.marxist.com\/en\/\" target=\"_blank\" rel=\"noreferrer noopener\">previous events<\/a>, listen to our podcast, and stock up on Marxist theory at our\u00a0<a href=\"https:\/\/wellred-books.com\/\" target=\"_blank\" rel=\"noreferrer noopener\">bookstore<\/a>. We especially recommend our latest release &#8211; In Defence of Lenin by Rob Sewell and Alan Woods. Over two volumes, this book explores and explains Lenin\u2019s ideas and his true legacy.\u00a0<a href=\"https:\/\/wellred-books.com\/in-defence-of-lenin\/\" target=\"_blank\" rel=\"noreferrer noopener\">Get your copy now<\/a>!<\/p>\n<\/div>\n<\/div>\n<\/div>\n<\/div>\n<\/div>\n\n\n\n<div class=\"wp-block-group alignwide is-layout-flow wp-block-group-is-layout-flow\" style=\"padding-top:0vh;padding-right:0vh;padding-bottom:0vh;padding-left:0vh\">\n<hr class=\"wp-block-separator has-text-color has-alpha-channel-opacity has-background is-style-wide\" style=\"background-color:#00000012;color:#00000012\"\/>\n\n\n\n<div style=\"height:20px\" aria-hidden=\"true\" class=\"wp-block-spacer\"><\/div>\n\n\n\n<div class=\"wp-block-columns alignwide stack-on-tablet--portrait is-layout-flex wp-container-core-columns-is-layout-8 wp-block-columns-is-layout-flex\">\n<div class=\"wp-block-column is-layout-flow wp-block-column-is-layout-flow\" style=\"flex-basis:35%\">\n<h2 class=\"wp-block-heading has-extra-large-font-size\">You have been signed up<\/h2>\n<\/div>\n\n\n\n<div class=\"wp-block-column is-layout-flow wp-block-column-is-layout-flow\">\n<p style=\"line-height:1.6\">All information on watch parties and links to the streams will be sent out over the coming weeks, so don\u2019t forget to check your inbox! The world is on fire, and there has never been a more important time to study genuine Marxism.<\/p>\n\n\n\n<div style=\"height:60px\" aria-hidden=\"true\" class=\"wp-block-spacer\"><\/div>\n\n\n\n<div class=\"wp-block-columns is-layout-flex wp-container-core-columns-is-layout-7 wp-block-columns-is-layout-flex\">\n<div class=\"wp-block-column is-layout-flow wp-block-column-is-layout-flow\" style=\"padding-right:5vw\">\n<h2 class=\"wp-block-heading has-medium-font-size\">What are you joining?<\/h2>\n\n\n\n<p>The World School of Communism will cover all the aspects of Bolshevik theory and tactics, linking Marxist theory and the lessons of the Russian Revolution to the tasks of communists today.<br><br>Recognising the crisis of the mass reformist parties and the growing numbers of radicalised workers and youth who are looking for a truly revolutionary alternative, the International Marxist Tendency is going to discuss laying our old banner to rest, and reforging itself as the Revolutionary Communist International. This new International will be formed officially at the World School, making it a truly historic event!<\/p>\n<\/div>\n\n\n\n<div class=\"wp-block-column is-layout-flow wp-block-column-is-layout-flow\">\n<h2 class=\"wp-block-heading has-medium-font-size\">How to join<\/h2>\n\n\n\n<p>All sessions will be streamed online, making the highest-level discussions on Marxist ideas accessible to everyone. At the same time, watch parties will be organised worldwide, allowing you to meet your comrades and watch the event together. Recordings of the talks will be made available immediately after the event.<\/p>\n<\/div>\n<\/div>\n<\/div>\n<\/div>\n<\/div>\n\n\n\n<div style=\"height:150px\" aria-hidden=\"true\" class=\"wp-block-spacer\"><\/div>\n<\/div>\n\n\n\n<div class=\"wp-block-group alignfull has-background is-layout-flow wp-block-group-is-layout-flow\" style=\"background-color:#f2f0e9\">\n<div style=\"height:70px\" aria-hidden=\"true\" class=\"wp-block-spacer\"><\/div>\n\n\n\n<div class=\"wp-block-columns alignwide are-vertically-aligned-center is-layout-flex wp-container-core-columns-is-layout-9 wp-block-columns-is-layout-flex\">\n<div class=\"wp-block-column is-layout-flow wp-block-column-is-layout-flow\" style=\"flex-basis:50%\">\n<p class=\"has-text-color\" style=\"color:#000000;font-size:30px;line-height:1.1\"><strong>In the meantime<\/strong><\/p>\n<\/div>\n\n\n\n<div class=\"wp-block-column is-layout-flow wp-block-column-is-layout-flow\" style=\"flex-basis:50%\">\n<hr class=\"wp-block-separator has-text-color has-css-opacity has-background is-style-wide\" style=\"background-color:#000000;color:#000000\"\/>\n<\/div>\n<\/div>\n\n\n\n<div class=\"wp-block-columns alignwide is-layout-flex wp-container-core-columns-is-layout-10 wp-block-columns-is-layout-flex\">\n<div class=\"wp-block-column is-layout-flow wp-block-column-is-layout-flow\"><\/div>\n\n\n\n<div class=\"wp-block-column is-layout-flow wp-block-column-is-layout-flow\">\n<p>The world is on fire, and there has never been a more important time to study genuine Marxism. The World School of Communism will cover all the aspects of Bolshevik theory and tactics, linking Marxist theory and the lessons of the Russian Revolution to the tasks of communists today.<\/p>\n\n\n\n<p>Recognising the crisis of the mass reformist parties and the growing numbers of radicalised workers and youth who are looking for a truly revolutionary alternative, the International Marxist Tendency is going to discuss laying our old banner to rest, and reforging itself as the Revolutionary Communist International. This new International will be formed officially at the World School, making it a truly historic event!<\/p>\n<\/div>\n\n\n\n<div class=\"wp-block-column is-layout-flow wp-block-column-is-layout-flow\">\n<p>All sessions will be streamed online, making the highest-level discussions on Marxist ideas accessible to everyone. At the same time, watch parties will be organised worldwide, allowing you to meet your comrades and watch the event together. Recordings of the talks will be made available immediately after the event.<\/p>\n\n\n\n<p>All information on watch parties and links to the streams will be sent out over the coming weeks, so don\u2019t forget to check your inbox!<\/p>\n\n\n\n<p>In the meantime, have a look at our&nbsp;<a href=\"https:\/\/university.marxist.com\/en\/\" target=\"_blank\" rel=\"noreferrer noopener\">previous events<\/a>, listen to our podcast, and stock up on Marxist theory at our&nbsp;<a href=\"https:\/\/wellred-books.com\/\" target=\"_blank\" rel=\"noreferrer noopener\">bookstore<\/a>. We especially recommend our latest release &#8211; In Defence of Lenin by Rob Sewell and Alan Woods. Over two volumes, this book explores and explains Lenin\u2019s ideas and his true legacy.&nbsp;<a href=\"https:\/\/wellred-books.com\/in-defence-of-lenin\/\" target=\"_blank\" rel=\"noreferrer noopener\">Get your copy now<\/a>!<\/p>\n<\/div>\n<\/div>\n\n\n\n<div style=\"height:40px\" aria-hidden=\"true\" class=\"wp-block-spacer\"><\/div>\n<\/div>\n<\/div>","protected":false},"excerpt":{"rendered":"<p>Thank you The world is on fire, and there has never been a more important time to study genuine Marxism. The World School of Communism will cover all the aspects of Bolshevik theory and tactics, linking Marxist theory and the lessons of the Russian Revolution to the tasks of communists today. Recognising the crisis of<\/p>","protected":false},"author":1,"featured_media":0,"parent":0,"menu_order":0,"comment_status":"closed","ping_status":"closed","template":"","meta":{"footnotes":""},"class_list":["post-2135","page","type-page","status-publish","hentry"],"yoast_head":"<!-- This site is optimized with the Yoast SEO plugin v22.8 - https:\/\/yoast.com\/wordpress\/plugins\/seo\/ -->\n<title>Thank you - WORLD SCHOOL OF COMMUNISM 2024<\/title>\n<meta name=\"robots\" content=\"index, follow, max-snippet:-1, max-image-preview:large, max-video-preview:-1\" \/>\n<link rel=\"canonical\" href=\"https:\/\/schoolofcommunism.com\/es\/thank-you\/\" \/>\n<meta property=\"og:locale\" content=\"es_ES\" \/>\n<meta property=\"og:type\" content=\"article\" \/>\n<meta property=\"og:title\" content=\"Thank you - WORLD SCHOOL OF COMMUNISM 2024\" \/>\n<meta property=\"og:description\" content=\"Thank you The world is on fire, and there has never been a more important time to study genuine Marxism. The World School of Communism will cover all the aspects of Bolshevik theory and tactics, linking Marxist theory and the lessons of the Russian Revolution to the tasks of communists today. Recognising the crisis of\" \/>\n<meta property=\"og:url\" content=\"https:\/\/schoolofcommunism.com\/es\/thank-you\/\" \/>\n<meta property=\"og:site_name\" content=\"WORLD SCHOOL OF COMMUNISM 2024\" \/>\n<meta property=\"article:modified_time\" content=\"2024-04-05T14:40:45+00:00\" \/>\n<meta name=\"twitter:card\" content=\"summary_large_image\" \/>\n<meta name=\"twitter:label1\" content=\"Est. reading time\" \/>\n\t<meta name=\"twitter:data1\" content=\"5 minutos\" \/>\n<script type=\"application\/ld+json\" class=\"yoast-schema-graph\">{\"@context\":\"https:\/\/schema.org\",\"@graph\":[{\"@type\":\"WebPage\",\"@id\":\"https:\/\/schoolofcommunism.com\/thank-you\/\",\"url\":\"https:\/\/schoolofcommunism.com\/thank-you\/\",\"name\":\"Thank you - WORLD SCHOOL OF COMMUNISM 2024\",\"isPartOf\":{\"@id\":\"https:\/\/schoolofcommunism.com\/#website\"},\"datePublished\":\"2024-04-05T13:48:14+00:00\",\"dateModified\":\"2024-04-05T14:40:45+00:00\",\"breadcrumb\":{\"@id\":\"https:\/\/schoolofcommunism.com\/thank-you\/#breadcrumb\"},\"inLanguage\":\"es\",\"potentialAction\":[{\"@type\":\"ReadAction\",\"target\":[\"https:\/\/schoolofcommunism.com\/thank-you\/\"]}]},{\"@type\":\"BreadcrumbList\",\"@id\":\"https:\/\/schoolofcommunism.com\/thank-you\/#breadcrumb\",\"itemListElement\":[{\"@type\":\"ListItem\",\"position\":1,\"name\":\"Home\",\"item\":\"https:\/\/schoolofcommunism.com\/\"},{\"@type\":\"ListItem\",\"position\":2,\"name\":\"Thank you\"}]},{\"@type\":\"WebSite\",\"@id\":\"https:\/\/schoolofcommunism.com\/#website\",\"url\":\"https:\/\/schoolofcommunism.com\/\",\"name\":\"World School of Communism 2024\",\"description\":\"\",\"publisher\":{\"@id\":\"https:\/\/schoolofcommunism.com\/#organization\"},\"potentialAction\":[{\"@type\":\"SearchAction\",\"target\":{\"@type\":\"EntryPoint\",\"urlTemplate\":\"https:\/\/schoolofcommunism.com\/?s={search_term_string}\"},\"query-input\":\"required name=search_term_string\"}],\"inLanguage\":\"es\"},{\"@type\":\"Organization\",\"@id\":\"https:\/\/schoolofcommunism.com\/#organization\",\"name\":\"Revolutionary Communist International\",\"url\":\"https:\/\/schoolofcommunism.com\/\",\"logo\":{\"@type\":\"ImageObject\",\"inLanguage\":\"es\",\"@id\":\"https:\/\/schoolofcommunism.com\/#\/schema\/logo\/image\/\",\"url\":\"https:\/\/schoolofcommunism.com\/wp-content\/uploads\/2024\/03\/rci-hammer-sickle.svg\",\"contentUrl\":\"https:\/\/schoolofcommunism.com\/wp-content\/uploads\/2024\/03\/rci-hammer-sickle.svg\",\"width\":937,\"height\":1452,\"caption\":\"Revolutionary Communist International\"},\"image\":{\"@id\":\"https:\/\/schoolofcommunism.com\/#\/schema\/logo\/image\/\"}}]}<\/script>\n<!-- \/ Yoast SEO plugin. -->","yoast_head_json":{"title":"Thank you - WORLD SCHOOL OF COMMUNISM 2024","robots":{"index":"index","follow":"follow","max-snippet":"max-snippet:-1","max-image-preview":"max-image-preview:large","max-video-preview":"max-video-preview:-1"},"canonical":"https:\/\/schoolofcommunism.com\/es\/thank-you\/","og_locale":"es_ES","og_type":"article","og_title":"Thank you - WORLD SCHOOL OF COMMUNISM 2024","og_description":"Thank you The world is on fire, and there has never been a more important time to study genuine Marxism. The World School of Communism will cover all the aspects of Bolshevik theory and tactics, linking Marxist theory and the lessons of the Russian Revolution to the tasks of communists today. Recognising the crisis of","og_url":"https:\/\/schoolofcommunism.com\/es\/thank-you\/","og_site_name":"WORLD SCHOOL OF COMMUNISM 2024","article_modified_time":"2024-04-05T14:40:45+00:00","twitter_card":"summary_large_image","twitter_misc":{"Est. reading time":"5 minutos"},"schema":{"@context":"https:\/\/schema.org","@graph":[{"@type":"WebPage","@id":"https:\/\/schoolofcommunism.com\/thank-you\/","url":"https:\/\/schoolofcommunism.com\/thank-you\/","name":"Thank you - WORLD SCHOOL OF COMMUNISM 2024","isPartOf":{"@id":"https:\/\/schoolofcommunism.com\/#website"},"datePublished":"2024-04-05T13:48:14+00:00","dateModified":"2024-04-05T14:40:45+00:00","breadcrumb":{"@id":"https:\/\/schoolofcommunism.com\/thank-you\/#breadcrumb"},"inLanguage":"es","potentialAction":[{"@type":"ReadAction","target":["https:\/\/schoolofcommunism.com\/thank-you\/"]}]},{"@type":"BreadcrumbList","@id":"https:\/\/schoolofcommunism.com\/thank-you\/#breadcrumb","itemListElement":[{"@type":"ListItem","position":1,"name":"Home","item":"https:\/\/schoolofcommunism.com\/"},{"@type":"ListItem","position":2,"name":"Thank you"}]},{"@type":"WebSite","@id":"https:\/\/schoolofcommunism.com\/#website","url":"https:\/\/schoolofcommunism.com\/","name":"World School of Communism 2024","description":"","publisher":{"@id":"https:\/\/schoolofcommunism.com\/#organization"},"potentialAction":[{"@type":"SearchAction","target":{"@type":"EntryPoint","urlTemplate":"https:\/\/schoolofcommunism.com\/?s={search_term_string}"},"query-input":"required name=search_term_string"}],"inLanguage":"es"},{"@type":"Organization","@id":"https:\/\/schoolofcommunism.com\/#organization","name":"Revolutionary Communist International","url":"https:\/\/schoolofcommunism.com\/","logo":{"@type":"ImageObject","inLanguage":"es","@id":"https:\/\/schoolofcommunism.com\/#\/schema\/logo\/image\/","url":"https:\/\/schoolofcommunism.com\/wp-content\/uploads\/2024\/03\/rci-hammer-sickle.svg","contentUrl":"https:\/\/schoolofcommunism.com\/wp-content\/uploads\/2024\/03\/rci-hammer-sickle.svg","width":937,"height":1452,"caption":"Revolutionary Communist International"},"image":{"@id":"https:\/\/schoolofcommunism.com\/#\/schema\/logo\/image\/"}}]}},"jetpack_sharing_enabled":true,"_links":{"self":[{"href":"https:\/\/schoolofcommunism.com\/es\/wp-json\/wp\/v2\/pages\/2135"}],"collection":[{"href":"https:\/\/schoolofcommunism.com\/es\/wp-json\/wp\/v2\/pages"}],"about":[{"href":"https:\/\/schoolofcommunism.com\/es\/wp-json\/wp\/v2\/types\/page"}],"author":[{"embeddable":true,"href":"https:\/\/schoolofcommunism.com\/es\/wp-json\/wp\/v2\/users\/1"}],"replies":[{"embeddable":true,"href":"https:\/\/schoolofcommunism.com\/es\/wp-json\/wp\/v2\/comments?post=2135"}],"version-history":[{"count":6,"href":"https:\/\/schoolofcommunism.com\/es\/wp-json\/wp\/v2\/pages\/2135\/revisions"}],"predecessor-version":[{"id":2359,"href":"https:\/\/schoolofcommunism.com\/es\/wp-json\/wp\/v2\/pages\/2135\/revisions\/2359"}],"wp:attachment":[{"href":"https:\/\/schoolofcommunism.com\/es\/wp-json\/wp\/v2\/media?parent=2135"}],"curies":[{"name":"wp","href":"https:\/\/api.w.org\/{rel}","templated":true}]}}