{"id":13729,"date":"2024-06-04T17:50:49","date_gmt":"2024-06-04T16:50:49","guid":{"rendered":"https:\/\/schoolofcommunism.com\/?page_id=13729"},"modified":"2024-06-10T01:26:02","modified_gmt":"2024-06-09T23:26:02","slug":"watch-soon","status":"publish","type":"page","link":"https:\/\/schoolofcommunism.com\/es\/watch-soon\/","title":{"rendered":"EN VIVO"},"content":{"rendered":"<div class=\"wp-block-group alignfull minusmargin has-primary-background-color has-text-color has-background is-layout-constrained wp-block-group-is-layout-constrained\" style=\"color:#f9f9f9;margin-top:0;margin-bottom:0\">\n<div class=\"wp-block-cover alignfull is-light h-reveal--images--from-bottom l-no-margin-top\" style=\"margin-top:0px;margin-bottom:0;padding-top:0;padding-bottom:0;min-height:90vh;aspect-ratio:unset;aspect-ratio:unset;\"><span aria-hidden=\"true\" class=\"wp-block-cover__background has-background-dim-0 has-background-dim has-background-gradient\" style=\"background:linear-gradient(180deg,rgb(234,25,23) 4%,rgba(235,27,23,0) 16%)\"><\/span><img data-recalc-dims=\"1\" loading=\"lazy\" decoding=\"async\" width=\"3846\" height=\"3612\" class=\"wp-block-cover__image-background wp-image-722\" alt=\"\" src=\"https:\/\/i0.wp.com\/schoolofcommunism.com\/wp-content\/uploads\/2024\/03\/world-communist-cws24.png?resize=3846%2C3612&amp;ssl=1\" data-object-fit=\"cover\" srcset=\"https:\/\/i0.wp.com\/schoolofcommunism.com\/wp-content\/uploads\/2024\/03\/world-communist-cws24.png?w=3846&amp;ssl=1 3846w, https:\/\/i0.wp.com\/schoolofcommunism.com\/wp-content\/uploads\/2024\/03\/world-communist-cws24.png?resize=300%2C282&amp;ssl=1 300w, https:\/\/i0.wp.com\/schoolofcommunism.com\/wp-content\/uploads\/2024\/03\/world-communist-cws24.png?resize=1024%2C962&amp;ssl=1 1024w, https:\/\/i0.wp.com\/schoolofcommunism.com\/wp-content\/uploads\/2024\/03\/world-communist-cws24.png?resize=768%2C721&amp;ssl=1 768w, https:\/\/i0.wp.com\/schoolofcommunism.com\/wp-content\/uploads\/2024\/03\/world-communist-cws24.png?resize=1536%2C1443&amp;ssl=1 1536w, https:\/\/i0.wp.com\/schoolofcommunism.com\/wp-content\/uploads\/2024\/03\/world-communist-cws24.png?resize=2048%2C1923&amp;ssl=1 2048w, https:\/\/i0.wp.com\/schoolofcommunism.com\/wp-content\/uploads\/2024\/03\/world-communist-cws24.png?w=3000&amp;ssl=1 3000w\" sizes=\"(max-width: 1000px) 100vw, 1000px\" \/><div class=\"wp-block-cover__inner-container is-layout-flow wp-block-cover-is-layout-flow\">\n<h1 class=\"wp-block-heading has-text-align-center\">Las sesiones en vivo comenzar\u00e1n pronto.<\/h1>\n\n\n\n<p class=\"has-text-align-center translation-block\" style=\"font-style:normal;font-weight:500\">Mientras tanto, <a href=\"https:\/\/schoolofcommunism.com\/#talks\">explora las charlas<\/a> o <a href=\"https:\/\/schoolofcommunism.com\/#sign-up\">reg\u00edstrate para recibir actualizaciones<\/a> y \u00fanete a una reuni\u00f3n de visualizaci\u00f3n cerca de ti.<\/p>\n\n\n\n<div style=\"height:100px\" aria-hidden=\"true\" class=\"wp-block-spacer\"><\/div>\n\n\n\n<div class=\"wp-block-group has-lenin-font-family has-small-font-size is-layout-constrained wp-block-group-is-layout-constrained\" style=\"font-style:normal;font-weight:500;text-transform:uppercase\">\n<div class=\"wp-block-columns has-border-color has-foreground-border-color is-layout-flex wp-container-core-columns-is-layout-1 wp-block-columns-is-layout-flex\" style=\"border-width:2px;padding-top:0;padding-bottom:0\">\n<div class=\"wp-block-column is-vertically-aligned-center has-foreground-color has-text-color has-link-color wp-elements-866cd76b4c5b8b73ba9cf148e3eac6a7 is-layout-flow wp-block-column-is-layout-flow\" style=\"padding-top:0;padding-bottom:0;flex-basis:66.66%\">\n<div class=\"wp-block-group is-vertical is-content-justification-center is-layout-flex wp-container-core-group-is-layout-1 wp-block-group-is-layout-flex\" style=\"min-height:100%;margin-top:var(--wp--preset--spacing--10);margin-bottom:var(--wp--preset--spacing--10);padding-top:0;padding-bottom:0\">\n<style>#ib-block-e8b0ba910c6247db9987dbedf38927b5 .ib-countdown .ib-countdown-number { } #ib-block-e8b0ba910c6247db9987dbedf38927b5 .ib-countdown .ib-countdown-unit-number { font-size: 28px; } #ib-block-e8b0ba910c6247db9987dbedf38927b5 .ib-countdown .ib-countdown-unit-label { font-size: 14px; } #ib-block-e8b0ba910c6247db9987dbedf38927b5 .ib-countdown .ib-countdown-unit { padding-left: 1px; padding-right: 1px; padding-top: 1px; padding-bottom: 1px; } #ib-block-e8b0ba910c6247db9987dbedf38927b5 .ib-countdown-msg { font-size: 20px; } @media only screen and (max-width: 992px) { #ib-block-e8b0ba910c6247db9987dbedf38927b5 .ib-countdown .ib-countdown-unit-number { font-size: 20px; } #ib-block-e8b0ba910c6247db9987dbedf38927b5 .ib-countdown .ib-countdown-unit-label { font-size: 13px; } } @media only screen and (max-width: 768px) { #ib-block-e8b0ba910c6247db9987dbedf38927b5 .ib-countdown .ib-countdown-unit-number { font-size: 18px; } #ib-block-e8b0ba910c6247db9987dbedf38927b5 .ib-countdown .ib-countdown-unit-label { font-size: 12px; } } <\/style><div id=\"ib-block-e8b0ba910c6247db9987dbedf38927b5\" class=\"ib-block-countdown\" data-time=\"2024-06-10T08:00:00\" data-layout=\"numbers\" data-fixed=\"true\" data-hide=\"false\"><div class=\"ib-countdown ib-countdown-layout-numbers\"><div class=\"ib-countdown-time\"><div class=\"ib-countdown-number ib-countdown-days\"><div class=\"ib-countdown-unit\"><span class=\"ib-countdown-unit-number\">00<\/span><div class=\"ib-countdown-unit-label\" data-label=\"{&quot;singular&quot;:&quot;Day&quot;,&quot;plural&quot;:&quot;Days&quot;}\">Day<\/div><\/div><\/div><div class=\"ib-countdown-number ib-countdown-hours\"><div class=\"ib-countdown-unit\"><span class=\"ib-countdown-unit-number\">00<\/span><div class=\"ib-countdown-unit-label\" data-label=\"{&quot;singular&quot;:&quot;Hour&quot;,&quot;plural&quot;:&quot;Hours&quot;}\">Hour<\/div><\/div><\/div><div class=\"ib-countdown-number ib-countdown-minutes\"><div class=\"ib-countdown-unit\"><span class=\"ib-countdown-unit-number\">00<\/span><div class=\"ib-countdown-unit-label\" data-label=\"{&quot;singular&quot;:&quot;Minute&quot;,&quot;plural&quot;:&quot;Minutes&quot;}\">Minute<\/div><\/div><\/div><div class=\"ib-countdown-number ib-countdown-seconds\"><div class=\"ib-countdown-unit\"><span class=\"ib-countdown-unit-number\">00<\/span><div class=\"ib-countdown-unit-label\" data-label=\"{&quot;singular&quot;:&quot;Second&quot;,&quot;plural&quot;:&quot;Seconds&quot;}\">Second<\/div><\/div><\/div><\/div><\/div><\/div>\n<\/div>\n<\/div>\n\n\n\n<div class=\"wp-block-column is-layout-flow wp-block-column-is-layout-flow\" style=\"flex-basis:33.33%\">\n<div class=\"wp-block-group is-layout-constrained wp-container-core-group-is-layout-2 wp-block-group-is-layout-constrained\" style=\"padding-top:0;padding-bottom:0\">\n<div class=\"wp-block-buttons is-horizontal is-content-justification-center is-nowrap is-layout-flex wp-container-core-buttons-is-layout-1 wp-block-buttons-is-layout-flex\" style=\"margin-top:0;margin-bottom:0\">\n<div class=\"wp-block-button has-custom-width wp-block-button__width-100 has-custom-font-size is-style-fill has-lenin-font-family\" style=\"font-size:28px;font-style:normal;font-weight:400;line-height:0.8\"><a class=\"wp-block-button__link has-white-color has-text-color has-link-color has-border-color wp-element-button\" href=\"https:\/\/schoolofcommunism.com\/#sign-up\" style=\"border-color:#ffffff00;border-radius:0px;padding-top:0.4em;padding-right:0;padding-bottom:0.4em;padding-left:0\">INSCR\u00cdBETE<br><strong><span style=\"color: inherit; font-size: 14px; font-family: var(--wp--custom--button--typography--font-family); font-weight: var(--wp--custom--button--typography--font-weight);\">10-15 Junio 2024<\/span><\/strong><\/a><\/div>\n<\/div>\n<\/div>\n<\/div>\n<\/div>\n<\/div>\n<\/div><\/div>\n\n\n\n<div class=\"wp-block-group alignfull l-no-margin-bottom has-foreground-color has-text-color has-link-color has-lenin-font-family has-medium-font-size wp-elements-4ef63e92c7a346e3d743a962a3e8da2b is-content-justification-center is-layout-constrained wp-container-core-group-is-layout-4 wp-block-group-is-layout-constrained\" style=\"border-top-color:var(--wp--preset--color--foreground);border-top-width:2px;border-bottom-color:var(--wp--preset--color--foreground);border-bottom-width:2px;margin-top:0px;margin-bottom:0px;padding-top:0.3em;padding-right:0;padding-bottom:0.1em;padding-left:0;font-style:normal;font-weight:400;letter-spacing:0px;line-height:1;text-transform:uppercase\">\n<div class=\"wp-block-themes-kingdom-the-marquee-block marquee-top\" style=\"margin-block-start:0\"><div class=\"marquee\" style=\"background-color:;color:;font-size:;white-space:nowrap;font-family:;font-weight:0\"><div class=\"marquee-inner\" style=\"animation-duration:100s\"><span> <strong>\u00b7<\/strong>  <a href=\"https:\/\/schoolofcommunism.com\/#talks\">20+ sesiones de teor\u00eda revolucionaria<\/a>  <strong>\u00b7<\/strong>  <a data-type=\"talk\" data-id=\"1256\" href=\"https:\/\/schoolofcommunism.com\/talk\/launch-of-the-new-international\/\">La Fundaci\u00f3n de la Internacional Comunista Revolucionaria<\/a>  <strong>\u00b7<\/strong>  <a href=\"https:\/\/schoolofcommunism.com\/#sign-up\">Transmisiones en vivo en todos los continentes<\/a> <br><br><br><\/span><span> <strong>\u00b7<\/strong>  <a href=\"https:\/\/schoolofcommunism.com\/#talks\">20+ sesiones de teor\u00eda revolucionaria<\/a>  <strong>\u00b7<\/strong>  <a data-type=\"talk\" data-id=\"1256\" href=\"https:\/\/schoolofcommunism.com\/talk\/launch-of-the-new-international\/\">La Fundaci\u00f3n de la Internacional Comunista Revolucionaria<\/a>  <strong>\u00b7<\/strong>  <a href=\"https:\/\/schoolofcommunism.com\/#sign-up\">Transmisiones en vivo en todos los continentes<\/a> <br><br><br><\/span><span> <strong>\u00b7<\/strong>  <a href=\"https:\/\/schoolofcommunism.com\/#talks\">20+ sesiones de teor\u00eda revolucionaria<\/a>  <strong>\u00b7<\/strong>  <a data-type=\"talk\" data-id=\"1256\" href=\"https:\/\/schoolofcommunism.com\/talk\/launch-of-the-new-international\/\">La Fundaci\u00f3n de la Internacional Comunista Revolucionaria<\/a>  <strong>\u00b7<\/strong>  <a href=\"https:\/\/schoolofcommunism.com\/#sign-up\">Transmisiones en vivo en todos los continentes<\/a> <br><br><br><\/span><span> <strong>\u00b7<\/strong>  <a href=\"https:\/\/schoolofcommunism.com\/#talks\">20+ sesiones de teor\u00eda revolucionaria<\/a>  <strong>\u00b7<\/strong>  <a data-type=\"talk\" data-id=\"1256\" href=\"https:\/\/schoolofcommunism.com\/talk\/launch-of-the-new-international\/\">La Fundaci\u00f3n de la Internacional Comunista Revolucionaria<\/a>  <strong>\u00b7<\/strong>  <a href=\"https:\/\/schoolofcommunism.com\/#sign-up\">Transmisiones en vivo en todos los continentes<\/a> <br><br><br><\/span><span> <strong>\u00b7<\/strong>  <a href=\"https:\/\/schoolofcommunism.com\/#talks\">20+ sesiones de teor\u00eda revolucionaria<\/a>  <strong>\u00b7<\/strong>  <a data-type=\"talk\" data-id=\"1256\" href=\"https:\/\/schoolofcommunism.com\/talk\/launch-of-the-new-international\/\">La Fundaci\u00f3n de la Internacional Comunista Revolucionaria<\/a>  <strong>\u00b7<\/strong>  <a href=\"https:\/\/schoolofcommunism.com\/#sign-up\">Transmisiones en vivo en todos los continentes<\/a> <br><br><br><\/span><span> <strong>\u00b7<\/strong>  <a href=\"https:\/\/schoolofcommunism.com\/#talks\">20+ sesiones de teor\u00eda revolucionaria<\/a>  <strong>\u00b7<\/strong>  <a data-type=\"talk\" data-id=\"1256\" href=\"https:\/\/schoolofcommunism.com\/talk\/launch-of-the-new-international\/\">La Fundaci\u00f3n de la Internacional Comunista Revolucionaria<\/a>  <strong>\u00b7<\/strong>  <a href=\"https:\/\/schoolofcommunism.com\/#sign-up\">Transmisiones en vivo en todos los continentes<\/a> <br><br><br><\/span><span> <strong>\u00b7<\/strong>  <a href=\"https:\/\/schoolofcommunism.com\/#talks\">20+ sesiones de teor\u00eda revolucionaria<\/a>  <strong>\u00b7<\/strong>  <a data-type=\"talk\" data-id=\"1256\" href=\"https:\/\/schoolofcommunism.com\/talk\/launch-of-the-new-international\/\">La Fundaci\u00f3n de la Internacional Comunista Revolucionaria<\/a>  <strong>\u00b7<\/strong>  <a href=\"https:\/\/schoolofcommunism.com\/#sign-up\">Transmisiones en vivo en todos los continentes<\/a> <br><br><br><\/span><span> <strong>\u00b7<\/strong>  <a href=\"https:\/\/schoolofcommunism.com\/#talks\">20+ sesiones de teor\u00eda revolucionaria<\/a>  <strong>\u00b7<\/strong>  <a data-type=\"talk\" data-id=\"1256\" href=\"https:\/\/schoolofcommunism.com\/talk\/launch-of-the-new-international\/\">La Fundaci\u00f3n de la Internacional Comunista Revolucionaria<\/a>  <strong>\u00b7<\/strong>  <a href=\"https:\/\/schoolofcommunism.com\/#sign-up\">Transmisiones en vivo en todos los continentes<\/a> <br><br><br><\/span><span> <strong>\u00b7<\/strong>  <a href=\"https:\/\/schoolofcommunism.com\/#talks\">20+ sesiones de teor\u00eda revolucionaria<\/a>  <strong>\u00b7<\/strong>  <a data-type=\"talk\" data-id=\"1256\" href=\"https:\/\/schoolofcommunism.com\/talk\/launch-of-the-new-international\/\">La Fundaci\u00f3n de la Internacional Comunista Revolucionaria<\/a>  <strong>\u00b7<\/strong>  <a href=\"https:\/\/schoolofcommunism.com\/#sign-up\">Transmisiones en vivo en todos los continentes<\/a> <br><br><br><\/span><span> <strong>\u00b7<\/strong>  <a href=\"https:\/\/schoolofcommunism.com\/#talks\">20+ sesiones de teor\u00eda revolucionaria<\/a>  <strong>\u00b7<\/strong>  <a data-type=\"talk\" data-id=\"1256\" href=\"https:\/\/schoolofcommunism.com\/talk\/launch-of-the-new-international\/\">La Fundaci\u00f3n de la Internacional Comunista Revolucionaria<\/a>  <strong>\u00b7<\/strong>  <a href=\"https:\/\/schoolofcommunism.com\/#sign-up\">Transmisiones en vivo en todos los continentes<\/a> <br><br><br><\/span><span> <strong>\u00b7<\/strong>  <a href=\"https:\/\/schoolofcommunism.com\/#talks\">20+ sesiones de teor\u00eda revolucionaria<\/a>  <strong>\u00b7<\/strong>  <a data-type=\"talk\" data-id=\"1256\" href=\"https:\/\/schoolofcommunism.com\/talk\/launch-of-the-new-international\/\">La Fundaci\u00f3n de la Internacional Comunista Revolucionaria<\/a>  <strong>\u00b7<\/strong>  <a href=\"https:\/\/schoolofcommunism.com\/#sign-up\">Transmisiones en vivo en todos los continentes<\/a> <br><br><br><\/span><span> <strong>\u00b7<\/strong>  <a href=\"https:\/\/schoolofcommunism.com\/#talks\">20+ sesiones de teor\u00eda revolucionaria<\/a>  <strong>\u00b7<\/strong>  <a data-type=\"talk\" data-id=\"1256\" href=\"https:\/\/schoolofcommunism.com\/talk\/launch-of-the-new-international\/\">La Fundaci\u00f3n de la Internacional Comunista Revolucionaria<\/a>  <strong>\u00b7<\/strong>  <a href=\"https:\/\/schoolofcommunism.com\/#sign-up\">Transmisiones en vivo en todos los continentes<\/a> <br><br><br><\/span><span> <strong>\u00b7<\/strong>  <a href=\"https:\/\/schoolofcommunism.com\/#talks\">20+ sesiones de teor\u00eda revolucionaria<\/a>  <strong>\u00b7<\/strong>  <a data-type=\"talk\" data-id=\"1256\" href=\"https:\/\/schoolofcommunism.com\/talk\/launch-of-the-new-international\/\">La Fundaci\u00f3n de la Internacional Comunista Revolucionaria<\/a>  <strong>\u00b7<\/strong>  <a href=\"https:\/\/schoolofcommunism.com\/#sign-up\">Transmisiones en vivo en todos los continentes<\/a> <br><br><br><\/span><span> <strong>\u00b7<\/strong>  <a href=\"https:\/\/schoolofcommunism.com\/#talks\">20+ sesiones de teor\u00eda revolucionaria<\/a>  <strong>\u00b7<\/strong>  <a data-type=\"talk\" data-id=\"1256\" href=\"https:\/\/schoolofcommunism.com\/talk\/launch-of-the-new-international\/\">La Fundaci\u00f3n de la Internacional Comunista Revolucionaria<\/a>  <strong>\u00b7<\/strong>  <a href=\"https:\/\/schoolofcommunism.com\/#sign-up\">Transmisiones en vivo en todos los continentes<\/a> <br><br><br><\/span><span> <strong>\u00b7<\/strong>  <a href=\"https:\/\/schoolofcommunism.com\/#talks\">20+ sesiones de teor\u00eda revolucionaria<\/a>  <strong>\u00b7<\/strong>  <a data-type=\"talk\" data-id=\"1256\" href=\"https:\/\/schoolofcommunism.com\/talk\/launch-of-the-new-international\/\">La Fundaci\u00f3n de la Internacional Comunista Revolucionaria<\/a>  <strong>\u00b7<\/strong>  <a href=\"https:\/\/schoolofcommunism.com\/#sign-up\">Transmisiones en vivo en todos los continentes<\/a> <br><br><br><\/span><\/div><\/div><\/div>\n<\/div>\n<\/div>\n\n\n\n<div style=\"height:100px\" aria-hidden=\"true\" class=\"wp-block-spacer\"><\/div>","protected":false},"excerpt":{"rendered":"","protected":false},"author":1,"featured_media":13165,"parent":0,"menu_order":0,"comment_status":"closed","ping_status":"closed","template":"","meta":{"footnotes":""},"class_list":["post-13729","page","type-page","status-publish","has-post-thumbnail","hentry"],"yoast_head":"<!-- This site is optimized with the Yoast SEO plugin v22.8 - https:\/\/yoast.com\/wordpress\/plugins\/seo\/ -->\n<title>Watch live - WORLD SCHOOL OF COMMUNISM 2024<\/title>\n<meta name=\"description\" content=\"Join us live as we launch the Revolutionary Communist International \u2013 a new world party of revolution!\" \/>\n<meta name=\"robots\" content=\"index, follow, max-snippet:-1, max-image-preview:large, max-video-preview:-1\" \/>\n<link rel=\"canonical\" href=\"https:\/\/schoolofcommunism.com\/es\/watch-soon\/\" \/>\n<meta property=\"og:locale\" content=\"es_ES\" \/>\n<meta property=\"og:type\" content=\"article\" \/>\n<meta property=\"og:title\" content=\"Watch live - WORLD SCHOOL OF COMMUNISM 2024\" \/>\n<meta property=\"og:description\" content=\"Join us live as we launch the Revolutionary Communist International \u2013 a new world party of revolution!\" \/>\n<meta property=\"og:url\" content=\"https:\/\/schoolofcommunism.com\/es\/watch-soon\/\" \/>\n<meta property=\"og:site_name\" content=\"WORLD SCHOOL OF COMMUNISM 2024\" \/>\n<meta property=\"article:modified_time\" content=\"2024-06-09T23:26:02+00:00\" \/>\n<meta property=\"og:image\" content=\"https:\/\/schoolofcommunism.com\/wp-content\/uploads\/2024\/06\/some-cover-2.png\" \/>\n\t<meta property=\"og:image:width\" content=\"2289\" \/>\n\t<meta property=\"og:image:height\" content=\"1100\" \/>\n\t<meta property=\"og:image:type\" content=\"image\/png\" \/>\n<meta name=\"twitter:card\" content=\"summary_large_image\" \/>\n<meta name=\"twitter:label1\" content=\"Est. reading time\" \/>\n\t<meta name=\"twitter:data1\" content=\"2 minutos\" \/>\n<script type=\"application\/ld+json\" class=\"yoast-schema-graph\">{\"@context\":\"https:\/\/schema.org\",\"@graph\":[{\"@type\":\"WebPage\",\"@id\":\"https:\/\/schoolofcommunism.com\/watch-soon\/\",\"url\":\"https:\/\/schoolofcommunism.com\/watch-soon\/\",\"name\":\"Watch live - WORLD SCHOOL OF COMMUNISM 2024\",\"isPartOf\":{\"@id\":\"https:\/\/schoolofcommunism.com\/#website\"},\"primaryImageOfPage\":{\"@id\":\"https:\/\/schoolofcommunism.com\/watch-soon\/#primaryimage\"},\"image\":{\"@id\":\"https:\/\/schoolofcommunism.com\/watch-soon\/#primaryimage\"},\"thumbnailUrl\":\"https:\/\/i0.wp.com\/schoolofcommunism.com\/wp-content\/uploads\/2024\/06\/some-cover-2.png?fit=2289%2C1100&ssl=1\",\"datePublished\":\"2024-06-04T16:50:49+00:00\",\"dateModified\":\"2024-06-09T23:26:02+00:00\",\"description\":\"Join us live as we launch the Revolutionary Communist International \u2013 a new world party of revolution!\",\"breadcrumb\":{\"@id\":\"https:\/\/schoolofcommunism.com\/watch-soon\/#breadcrumb\"},\"inLanguage\":\"es\",\"potentialAction\":[{\"@type\":\"ReadAction\",\"target\":[\"https:\/\/schoolofcommunism.com\/watch-soon\/\"]}]},{\"@type\":\"ImageObject\",\"inLanguage\":\"es\",\"@id\":\"https:\/\/schoolofcommunism.com\/watch-soon\/#primaryimage\",\"url\":\"https:\/\/i0.wp.com\/schoolofcommunism.com\/wp-content\/uploads\/2024\/06\/some-cover-2.png?fit=2289%2C1100&ssl=1\",\"contentUrl\":\"https:\/\/i0.wp.com\/schoolofcommunism.com\/wp-content\/uploads\/2024\/06\/some-cover-2.png?fit=2289%2C1100&ssl=1\",\"width\":2289,\"height\":1100},{\"@type\":\"BreadcrumbList\",\"@id\":\"https:\/\/schoolofcommunism.com\/watch-soon\/#breadcrumb\",\"itemListElement\":[{\"@type\":\"ListItem\",\"position\":1,\"name\":\"Home\",\"item\":\"https:\/\/schoolofcommunism.com\/\"},{\"@type\":\"ListItem\",\"position\":2,\"name\":\"Watch live\"}]},{\"@type\":\"WebSite\",\"@id\":\"https:\/\/schoolofcommunism.com\/#website\",\"url\":\"https:\/\/schoolofcommunism.com\/\",\"name\":\"World School of Communism 2024\",\"description\":\"\",\"publisher\":{\"@id\":\"https:\/\/schoolofcommunism.com\/#organization\"},\"potentialAction\":[{\"@type\":\"SearchAction\",\"target\":{\"@type\":\"EntryPoint\",\"urlTemplate\":\"https:\/\/schoolofcommunism.com\/?s={search_term_string}\"},\"query-input\":\"required name=search_term_string\"}],\"inLanguage\":\"es\"},{\"@type\":\"Organization\",\"@id\":\"https:\/\/schoolofcommunism.com\/#organization\",\"name\":\"Revolutionary Communist International\",\"url\":\"https:\/\/schoolofcommunism.com\/\",\"logo\":{\"@type\":\"ImageObject\",\"inLanguage\":\"es\",\"@id\":\"https:\/\/schoolofcommunism.com\/#\/schema\/logo\/image\/\",\"url\":\"https:\/\/schoolofcommunism.com\/wp-content\/uploads\/2024\/03\/rci-hammer-sickle.svg\",\"contentUrl\":\"https:\/\/schoolofcommunism.com\/wp-content\/uploads\/2024\/03\/rci-hammer-sickle.svg\",\"width\":937,\"height\":1452,\"caption\":\"Revolutionary Communist International\"},\"image\":{\"@id\":\"https:\/\/schoolofcommunism.com\/#\/schema\/logo\/image\/\"}}]}<\/script>\n<!-- \/ Yoast SEO plugin. -->","yoast_head_json":{"title":"Watch live - WORLD SCHOOL OF COMMUNISM 2024","description":"Join us live as we launch the Revolutionary Communist International \u2013 a new world party of revolution!","robots":{"index":"index","follow":"follow","max-snippet":"max-snippet:-1","max-image-preview":"max-image-preview:large","max-video-preview":"max-video-preview:-1"},"canonical":"https:\/\/schoolofcommunism.com\/es\/watch-soon\/","og_locale":"es_ES","og_type":"article","og_title":"Watch live - WORLD SCHOOL OF COMMUNISM 2024","og_description":"Join us live as we launch the Revolutionary Communist International \u2013 a new world party of revolution!","og_url":"https:\/\/schoolofcommunism.com\/es\/watch-soon\/","og_site_name":"WORLD SCHOOL OF COMMUNISM 2024","article_modified_time":"2024-06-09T23:26:02+00:00","og_image":[{"width":2289,"height":1100,"url":"https:\/\/schoolofcommunism.com\/wp-content\/uploads\/2024\/06\/some-cover-2.png","type":"image\/png"}],"twitter_card":"summary_large_image","twitter_misc":{"Est. reading time":"2 minutos"},"schema":{"@context":"https:\/\/schema.org","@graph":[{"@type":"WebPage","@id":"https:\/\/schoolofcommunism.com\/watch-soon\/","url":"https:\/\/schoolofcommunism.com\/watch-soon\/","name":"Watch live - WORLD SCHOOL OF COMMUNISM 2024","isPartOf":{"@id":"https:\/\/schoolofcommunism.com\/#website"},"primaryImageOfPage":{"@id":"https:\/\/schoolofcommunism.com\/watch-soon\/#primaryimage"},"image":{"@id":"https:\/\/schoolofcommunism.com\/watch-soon\/#primaryimage"},"thumbnailUrl":"https:\/\/i0.wp.com\/schoolofcommunism.com\/wp-content\/uploads\/2024\/06\/some-cover-2.png?fit=2289%2C1100&ssl=1","datePublished":"2024-06-04T16:50:49+00:00","dateModified":"2024-06-09T23:26:02+00:00","description":"Join us live as we launch the Revolutionary Communist International \u2013 a new world party of revolution!","breadcrumb":{"@id":"https:\/\/schoolofcommunism.com\/watch-soon\/#breadcrumb"},"inLanguage":"es","potentialAction":[{"@type":"ReadAction","target":["https:\/\/schoolofcommunism.com\/watch-soon\/"]}]},{"@type":"ImageObject","inLanguage":"es","@id":"https:\/\/schoolofcommunism.com\/watch-soon\/#primaryimage","url":"https:\/\/i0.wp.com\/schoolofcommunism.com\/wp-content\/uploads\/2024\/06\/some-cover-2.png?fit=2289%2C1100&ssl=1","contentUrl":"https:\/\/i0.wp.com\/schoolofcommunism.com\/wp-content\/uploads\/2024\/06\/some-cover-2.png?fit=2289%2C1100&ssl=1","width":2289,"height":1100},{"@type":"BreadcrumbList","@id":"https:\/\/schoolofcommunism.com\/watch-soon\/#breadcrumb","itemListElement":[{"@type":"ListItem","position":1,"name":"Home","item":"https:\/\/schoolofcommunism.com\/"},{"@type":"ListItem","position":2,"name":"Watch live"}]},{"@type":"WebSite","@id":"https:\/\/schoolofcommunism.com\/#website","url":"https:\/\/schoolofcommunism.com\/","name":"World School of Communism 2024","description":"","publisher":{"@id":"https:\/\/schoolofcommunism.com\/#organization"},"potentialAction":[{"@type":"SearchAction","target":{"@type":"EntryPoint","urlTemplate":"https:\/\/schoolofcommunism.com\/?s={search_term_string}"},"query-input":"required name=search_term_string"}],"inLanguage":"es"},{"@type":"Organization","@id":"https:\/\/schoolofcommunism.com\/#organization","name":"Revolutionary Communist International","url":"https:\/\/schoolofcommunism.com\/","logo":{"@type":"ImageObject","inLanguage":"es","@id":"https:\/\/schoolofcommunism.com\/#\/schema\/logo\/image\/","url":"https:\/\/schoolofcommunism.com\/wp-content\/uploads\/2024\/03\/rci-hammer-sickle.svg","contentUrl":"https:\/\/schoolofcommunism.com\/wp-content\/uploads\/2024\/03\/rci-hammer-sickle.svg","width":937,"height":1452,"caption":"Revolutionary Communist International"},"image":{"@id":"https:\/\/schoolofcommunism.com\/#\/schema\/logo\/image\/"}}]}},"jetpack_sharing_enabled":true,"_links":{"self":[{"href":"https:\/\/schoolofcommunism.com\/es\/wp-json\/wp\/v2\/pages\/13729"}],"collection":[{"href":"https:\/\/schoolofcommunism.com\/es\/wp-json\/wp\/v2\/pages"}],"about":[{"href":"https:\/\/schoolofcommunism.com\/es\/wp-json\/wp\/v2\/types\/page"}],"author":[{"embeddable":true,"href":"https:\/\/schoolofcommunism.com\/es\/wp-json\/wp\/v2\/users\/1"}],"replies":[{"embeddable":true,"href":"https:\/\/schoolofcommunism.com\/es\/wp-json\/wp\/v2\/comments?post=13729"}],"version-history":[{"count":8,"href":"https:\/\/schoolofcommunism.com\/es\/wp-json\/wp\/v2\/pages\/13729\/revisions"}],"predecessor-version":[{"id":23909,"href":"https:\/\/schoolofcommunism.com\/es\/wp-json\/wp\/v2\/pages\/13729\/revisions\/23909"}],"wp:featuredmedia":[{"embeddable":true,"href":"https:\/\/schoolofcommunism.com\/es\/wp-json\/wp\/v2\/media\/13165"}],"wp:attachment":[{"href":"https:\/\/schoolofcommunism.com\/es\/wp-json\/wp\/v2\/media?parent=13729"}],"curies":[{"name":"wp","href":"https:\/\/api.w.org\/{rel}","templated":true}]}}